{"id":11,"date":"2015-02-07T15:10:20","date_gmt":"2015-02-07T15:10:20","guid":{"rendered":"http:\/\/gereinigt.de\/?page_id=11"},"modified":"2016-01-16T13:22:21","modified_gmt":"2016-01-16T13:22:21","slug":"home","status":"publish","type":"page","link":"https:\/\/gereinigt.de\/","title":{"rendered":"Home"},"content":{"rendered":"<p><!--div style=\"position: relative; border: solid 2px #be4866; width: 600px; left: 160px; right: 160px; background-color: white;\">\n\n\n<table style=\"border: 0px; margin: 0px;\">\n\n\n<tbody>\n\n\n<tr style=\"border: 0px;\">\n\n\n<td><span style=\"color: #be4866; font-size: 18px;\">Wir w\u00fcnschen all unseren Kunden eine fr\u00f6hliche Weihnacht und einen guten Start ins neue Jahr<\/span><\/td>\n\n\n\n\n<td><img decoding=\"async\" style=\"min-width: 41px; min-height: 55px; padding: 0px;\" src=\"https:\/\/gereinigt.de\/wp-content\/uploads\/2015\/02\/weihnachten00002.gif\" alt=\"\" \/><\/td>\n\n\n<\/tr>\n\n\n<\/tbody>\n\n\n<\/table>\n\n\n<\/div-->\n<p><strong>Der Meisterbetrieb f\u00fcr absolute Sauberkeit <\/strong><br \/>\nGepflegte Gesch\u00e4ftsr\u00e4ume sind die Visitenkarte jedes Unternehmens. Dem Kunden signalisieren sie Vertrauensw\u00fcrdigkeit und Kompetenz, f\u00fcr die eigenen Mitarbeiter sind sie ein wichtiger Motivationsfaktor.<\/p>\n<p>Wir bieten die folgenden Dienstleistungen preisg\u00fcnstig an:<\/p>\n<ul>\n<li>Unterhaltsreinigung von Fertigungsst\u00e4tten, B\u00fcro-\u00a0und Verwaltungsr\u00e4umen sowie Verkaufsr\u00e4umen<\/li>\n<li>Urlaubsvertretung und deren Organisation<\/li>\n<li>Reinigung von Teppichb\u00f6den<\/li>\n<li>Glasreinigung, Jalousienreinigung<\/li>\n<li>Grund\u2013 und Sonderreinigung<\/li>\n<li>Sanit\u00e4r\u2013 und K\u00fcchenreinigung<\/li>\n<li>Baureinigung &#8211; auch im privaten Bereich<\/li>\n<li>und vieles mehr<\/li>\n<\/ul>\n<p>Wir sind der kompetente Meisterbetrieb f\u00fcr fachgerechte, umweltschonende und zuverl\u00e4ssige Reinigung. Unsere Qualit\u00e4tsstandards beweisen wir auch unter h\u00f6chsten Hygieneanforderungen wie zum Beispiel bei unseren langj\u00e4hrigen Kunden aus der Pharma- und Lebensmittelindustrie.<\/p>\n","protected":false},"excerpt":{"rendered":"<p>Der Meisterbetrieb f\u00fcr absolute Sauberkeit Gepflegte Gesch\u00e4ftsr\u00e4ume sind die Visitenkarte jedes Unternehmens. Dem Kunden signalisieren sie Vertrauensw\u00fcrdigkeit und Kompetenz, f\u00fcr die eigenen Mitarbeiter sind sie ein wichtiger Motivationsfaktor. Wir bieten die folgenden Dienstleistungen preisg\u00fcnstig an: Unterhaltsreinigung von Fertigungsst\u00e4tten, B\u00fcro-\u00a0und Verwaltungsr\u00e4umen sowie Verkaufsr\u00e4umen Urlaubsvertretung und deren Organisation Reinigung von Teppichb\u00f6den Glasreinigung, Jalousienreinigung Grund\u2013 und Sonderreinigung Sanit\u00e4r\u2013 [&hellip;]<\/p>\n","protected":false},"author":1,"featured_media":0,"parent":0,"menu_order":0,"comment_status":"closed","ping_status":"open","template":"","meta":{"footnotes":""},"class_list":["post-11","page","type-page","status-publish","hentry"],"_links":{"self":[{"href":"https:\/\/gereinigt.de\/index.php?rest_route=\/wp\/v2\/pages\/11","targetHints":{"allow":["GET"]}}],"collection":[{"href":"https:\/\/gereinigt.de\/index.php?rest_route=\/wp\/v2\/pages"}],"about":[{"href":"https:\/\/gereinigt.de\/index.php?rest_route=\/wp\/v2\/types\/page"}],"author":[{"embeddable":true,"href":"https:\/\/gereinigt.de\/index.php?rest_route=\/wp\/v2\/users\/1"}],"replies":[{"embeddable":true,"href":"https:\/\/gereinigt.de\/index.php?rest_route=%2Fwp%2Fv2%2Fcomments&post=11"}],"version-history":[{"count":46,"href":"https:\/\/gereinigt.de\/index.php?rest_route=\/wp\/v2\/pages\/11\/revisions"}],"predecessor-version":[{"id":128,"href":"https:\/\/gereinigt.de\/index.php?rest_route=\/wp\/v2\/pages\/11\/revisions\/128"}],"wp:attachment":[{"href":"https:\/\/gereinigt.de\/index.php?rest_route=%2Fwp%2Fv2%2Fmedia&parent=11"}],"curies":[{"name":"wp","href":"https:\/\/api.w.org\/{rel}","templated":true}]}}