{"id":22,"date":"2015-02-07T15:30:46","date_gmt":"2015-02-07T15:30:46","guid":{"rendered":"http:\/\/gereinigt.de\/?page_id=22"},"modified":"2016-12-26T08:36:10","modified_gmt":"2016-12-26T08:36:10","slug":"kontakt","status":"publish","type":"page","link":"https:\/\/gereinigt.de\/?page_id=22","title":{"rendered":"Kontakt"},"content":{"rendered":"<p><strong>Geb\u00e4udereinigung Kreidenwei\u00df <\/strong><\/p>\n<p>Inh. Tina Hofmann<br \/>\nGeb\u00e4udereinigungsmeister<\/p>\n<p>Anschrift:<br \/>\nJahnstra\u00dfe 64<br \/>\n73066 Uhingen<\/p>\n<p>Telefon: 07161-24466<br \/>\nTelefax: 07161-290759<br \/>\nMobil: 0171-8234006<br \/>\nE-Mail: info@gereinigt.de<\/p>\n<p>&nbsp;<\/p>\n","protected":false},"excerpt":{"rendered":"<p>Geb\u00e4udereinigung Kreidenwei\u00df Inh. Tina Hofmann Geb\u00e4udereinigungsmeister Anschrift: Jahnstra\u00dfe 64 73066 Uhingen Telefon: 07161-24466 Telefax: 07161-290759 Mobil: 0171-8234006 E-Mail: info@gereinigt.de &nbsp;<\/p>\n","protected":false},"author":1,"featured_media":0,"parent":0,"menu_order":0,"comment_status":"closed","ping_status":"closed","template":"contact.php","meta":{"footnotes":""},"class_list":["post-22","page","type-page","status-publish","hentry"],"_links":{"self":[{"href":"https:\/\/gereinigt.de\/index.php?rest_route=\/wp\/v2\/pages\/22","targetHints":{"allow":["GET"]}}],"collection":[{"href":"https:\/\/gereinigt.de\/index.php?rest_route=\/wp\/v2\/pages"}],"about":[{"href":"https:\/\/gereinigt.de\/index.php?rest_route=\/wp\/v2\/types\/page"}],"author":[{"embeddable":true,"href":"https:\/\/gereinigt.de\/index.php?rest_route=\/wp\/v2\/users\/1"}],"replies":[{"embeddable":true,"href":"https:\/\/gereinigt.de\/index.php?rest_route=%2Fwp%2Fv2%2Fcomments&post=22"}],"version-history":[{"count":5,"href":"https:\/\/gereinigt.de\/index.php?rest_route=\/wp\/v2\/pages\/22\/revisions"}],"predecessor-version":[{"id":136,"href":"https:\/\/gereinigt.de\/index.php?rest_route=\/wp\/v2\/pages\/22\/revisions\/136"}],"wp:attachment":[{"href":"https:\/\/gereinigt.de\/index.php?rest_route=%2Fwp%2Fv2%2Fmedia&parent=22"}],"curies":[{"name":"wp","href":"https:\/\/api.w.org\/{rel}","templated":true}]}}