{"id":31,"date":"2015-02-07T15:44:20","date_gmt":"2015-02-07T15:44:20","guid":{"rendered":"http:\/\/gereinigt.de\/?page_id=31"},"modified":"2018-06-04T10:11:48","modified_gmt":"2018-06-04T10:11:48","slug":"impressum","status":"publish","type":"page","link":"https:\/\/gereinigt.de\/?page_id=31","title":{"rendered":"Impressum"},"content":{"rendered":"<p><strong>Geb\u00e4udereinigung Kreidenwei\u00df<\/strong><\/p>\n<p>Inh. Tina Hofmann<br \/>\nGeb\u00e4udereinigungsmeister<\/p>\n<p>Anschrift:<br \/>\nJahnstra\u00dfe 64<br \/>\n73066 Uhingen<\/p>\n<p>Telefon: 07161-24466<br \/>\nTelefax: 07161-290759<br \/>\nMobil: 0171-8234006<br \/>\nE-Mail: tina@gereinigt.de<\/p>\n<p>Internet: www.gebaeudereinigung-kreidenweiss.de, www.gereinigt.de<\/p>\n<p>Zust\u00e4ndige Kammer:<br \/>\nHandwerkskammer Stuttgart<br \/>\nHeilbronner Stra\u00dfe 43<br \/>\n70191 Stuttgart<\/p>\n<p>Berufsbezeichnung: Geb\u00e4udereinigungsmeister<br \/>\n(verliehen in der Bundesrepublik Deutschland)<br \/>\nBerufsrechtliche Regelungen: Handwerksordnung<br \/>\n(Zu finden im Bundesgesetzblatt I, Seite 3074 in der Fassung vom 24. September 1998)<\/p>\n<p>Inhaltlich Verantwortlicher gem\u00e4\u00df \u00a7 6 MDStV: Tina Hofmann<\/p>\n<p>Haftungshinweis:<br \/>\nTrotz sorgf\u00e4ltiger inhaltlicher Kontrolle \u00fcbernehmen wir keine Haftung f\u00fcr die Inhalte externer Links. F\u00fcr den Inhalt der verlinkten Seiten sind ausschlie\u00dflich deren Betreiber verantwortlich.<\/p>\n<p><a href=\"https:\/\/gereinigt.de\/?page_id=7781\">Datenschutzerkl\u00e4rung<\/a><\/p>\n","protected":false},"excerpt":{"rendered":"<p>Geb\u00e4udereinigung Kreidenwei\u00df Inh. Tina Hofmann Geb\u00e4udereinigungsmeister Anschrift: Jahnstra\u00dfe 64 73066 Uhingen Telefon: 07161-24466 Telefax: 07161-290759 Mobil: 0171-8234006 E-Mail: tina@gereinigt.de Internet: www.gebaeudereinigung-kreidenweiss.de, www.gereinigt.de Zust\u00e4ndige Kammer: Handwerkskammer Stuttgart Heilbronner Stra\u00dfe 43 70191 Stuttgart Berufsbezeichnung: Geb\u00e4udereinigungsmeister (verliehen in der Bundesrepublik Deutschland) Berufsrechtliche Regelungen: Handwerksordnung (Zu finden im Bundesgesetzblatt I, Seite 3074 in der Fassung vom 24. September 1998) [&hellip;]<\/p>\n","protected":false},"author":1,"featured_media":0,"parent":0,"menu_order":0,"comment_status":"closed","ping_status":"closed","template":"","meta":{"footnotes":""},"class_list":["post-31","page","type-page","status-publish","hentry"],"_links":{"self":[{"href":"https:\/\/gereinigt.de\/index.php?rest_route=\/wp\/v2\/pages\/31","targetHints":{"allow":["GET"]}}],"collection":[{"href":"https:\/\/gereinigt.de\/index.php?rest_route=\/wp\/v2\/pages"}],"about":[{"href":"https:\/\/gereinigt.de\/index.php?rest_route=\/wp\/v2\/types\/page"}],"author":[{"embeddable":true,"href":"https:\/\/gereinigt.de\/index.php?rest_route=\/wp\/v2\/users\/1"}],"replies":[{"embeddable":true,"href":"https:\/\/gereinigt.de\/index.php?rest_route=%2Fwp%2Fv2%2Fcomments&post=31"}],"version-history":[{"count":4,"href":"https:\/\/gereinigt.de\/index.php?rest_route=\/wp\/v2\/pages\/31\/revisions"}],"predecessor-version":[{"id":7784,"href":"https:\/\/gereinigt.de\/index.php?rest_route=\/wp\/v2\/pages\/31\/revisions\/7784"}],"wp:attachment":[{"href":"https:\/\/gereinigt.de\/index.php?rest_route=%2Fwp%2Fv2%2Fmedia&parent=31"}],"curies":[{"name":"wp","href":"https:\/\/api.w.org\/{rel}","templated":true}]}}